{"id":1245,"date":"2025-09-02T19:13:25","date_gmt":"2025-09-02T17:13:25","guid":{"rendered":"https:\/\/www.patev.de\/legal-notice\/"},"modified":"2025-09-22T06:02:47","modified_gmt":"2025-09-22T04:02:47","slug":"impressum","status":"publish","type":"page","link":"https:\/\/www.patev.de\/de\/impressum\/","title":{"rendered":"Impressum"},"content":{"rendered":"\t\t<div data-elementor-type=\"wp-page\" data-elementor-id=\"1245\" class=\"elementor elementor-1245 elementor-198\" data-elementor-post-type=\"page\">\n\t\t\t\t<div class=\"elementor-element elementor-element-323bd68 e-con-full e-flex e-con e-parent\" data-id=\"323bd68\" data-element_type=\"container\" data-e-type=\"container\" data-settings=\"{&quot;background_background&quot;:&quot;classic&quot;}\">\n\t\t<div class=\"elementor-element elementor-element-25b3398 promo-banner e-flex e-con-boxed e-con e-child\" data-id=\"25b3398\" data-element_type=\"container\" data-e-type=\"container\" data-settings=\"{&quot;background_background&quot;:&quot;classic&quot;}\">\n\t\t\t\t\t<div class=\"e-con-inner\">\n\t\t\t\t<div class=\"elementor-element elementor-element-33d4ecd elementor-widget elementor-widget-menu-anchor\" data-id=\"33d4ecd\" data-element_type=\"widget\" data-e-type=\"widget\" data-widget_type=\"menu-anchor.default\">\n\t\t\t\t<div class=\"elementor-widget-container\">\n\t\t\t\t\t\t\t<div class=\"elementor-menu-anchor\" id=\"mainisghts\"><\/div>\n\t\t\t\t\t\t<\/div>\n\t\t\t\t<\/div>\n\t\t\t\t\t<\/div>\n\t\t\t\t<\/div>\n\t\t<div class=\"elementor-element elementor-element-b5e1ecf e-flex e-con-boxed e-con e-child\" data-id=\"b5e1ecf\" data-element_type=\"container\" data-e-type=\"container\">\n\t\t\t\t\t<div class=\"e-con-inner\">\n\t\t\t\t<div class=\"elementor-element elementor-element-04a8c77 elementor-widget elementor-widget-heading\" data-id=\"04a8c77\" data-element_type=\"widget\" data-e-type=\"widget\" data-widget_type=\"heading.default\">\n\t\t\t\t<div class=\"elementor-widget-container\">\n\t\t\t\t\t<h2 class=\"elementor-heading-title elementor-size-default\">Impressum<\/h2>\t\t\t\t<\/div>\n\t\t\t\t<\/div>\n\t\t\t\t\t<\/div>\n\t\t\t\t<\/div>\n\t\t<div class=\"elementor-element elementor-element-890046a e-flex e-con-boxed e-con e-child\" data-id=\"890046a\" data-element_type=\"container\" data-e-type=\"container\">\n\t\t\t\t\t<div class=\"e-con-inner\">\n\t\t\t\t<div class=\"elementor-element elementor-element-2299345 elementor-widget elementor-widget-shortcode\" data-id=\"2299345\" data-element_type=\"widget\" data-e-type=\"widget\" data-widget_type=\"shortcode.default\">\n\t\t\t\t<div class=\"elementor-widget-container\">\n\t\t\t\t\t\t\t<div class=\"elementor-shortcode\"><div style=\"word-wrap: break-word;\">\n\n<p>PATEV Associates GmbH<br \/>\nAlbert-Einstein-Str. 62 a<br \/>\n76228 Karlsruhe<\/p>\n\n<p>Handelsregister: HRB 108630<br \/>\nRegistergericht: Mannheim<\/p>\n\n<p><strong>Vertreten durch:<\/strong><br \/>\nDr.-Ing. Edelbert H&auml;fele<\/p>\n\n<h2>Kontakt<\/h2>\n<p>Telefon: +49 (0) 172 63 209 63<br \/>\nE-Mail: edelbert.haefele@patev.de<\/p>\n\n<h2>Umsatzsteuer-ID<\/h2>\n<p>Umsatzsteuer-Identifikationsnummer gem&auml;&szlig; &sect; 27 a Umsatzsteuergesetz:<br \/>\nDE 201766751<\/p>\n\n<h2>Angaben zur Berufs&shy;haftpflicht&shy;versicherung<\/h2>\n<p><strong>Name und Sitz des Versicherers:<\/strong><br \/>\nERGO Versicherung AG<br \/>\r\n40198 D&uuml;sseldorf<\/p>\n<p><strong>Geltungsraum der Versicherung:<\/strong><br \/>Weltweit<\/p>\n\n<h2>EU-Streitschlichtung<\/h2>\n<p>Die Europ&auml;ische Kommission stellt eine Plattform zur Online-Streitbeilegung (OS) bereit: <a href=\"https:\/\/ec.europa.eu\/consumers\/odr\/\" target=\"_blank\" rel=\"noopener noreferrer\">https:\/\/ec.europa.eu\/consumers\/odr\/<\/a>.<br \/> Unsere E-Mail-Adresse finden Sie oben im Impressum.<\/p>\n\n<h2>Verbraucher&shy;streit&shy;beilegung\/Universal&shy;schlichtungs&shy;stelle<\/h2>\n<p>Wir sind nicht bereit oder verpflichtet, an Streitbeilegungsverfahren vor einer Verbraucherschlichtungsstelle teilzunehmen.<\/p><\/div><\/div>\n\t\t\t\t\t\t<\/div>\n\t\t\t\t<\/div>\n\t\t\t\t<div class=\"elementor-element elementor-element-da24af6 elementor-widget elementor-widget-heading\" data-id=\"da24af6\" data-element_type=\"widget\" data-e-type=\"widget\" data-widget_type=\"heading.default\">\n\t\t\t\t<div class=\"elementor-widget-container\">\n\t\t\t\t\t<h3 class=\"elementor-heading-title elementor-size-default\">Allgemeine Gesch\u00e4ftsbedingungen<\/h3>\t\t\t\t<\/div>\n\t\t\t\t<\/div>\n\t\t\t\t<div class=\"elementor-element elementor-element-9fa991c elementor-widget elementor-widget-text-editor\" data-id=\"9fa991c\" data-element_type=\"widget\" data-e-type=\"widget\" data-widget_type=\"text-editor.default\">\n\t\t\t\t<div class=\"elementor-widget-container\">\n\t\t\t\t\t\t\t\t\t<p>Hier k\u00f6nnen Sie unsere Allgemeinen Gesch\u00e4ftsbedingungen einsehen.<\/p>\t\t\t\t\t\t\t\t<\/div>\n\t\t\t\t<\/div>\n\t\t\t\t<div class=\"elementor-element elementor-element-d523202 elementor-align-left elementor-widget elementor-widget-button\" data-id=\"d523202\" data-element_type=\"widget\" data-e-type=\"widget\" data-widget_type=\"button.default\">\n\t\t\t\t<div class=\"elementor-widget-container\">\n\t\t\t\t\t\t\t\t\t<div class=\"elementor-button-wrapper\">\n\t\t\t\t\t<a class=\"elementor-button elementor-button-link elementor-size-sm\" href=\"https:\/\/www.patev.de\/wp-content\/uploads\/20241216_-_PATEV_-_AGB_-_DE-1.pdf\">\n\t\t\t\t\t\t<span class=\"elementor-button-content-wrapper\">\n\t\t\t\t\t\t\t\t\t<span class=\"elementor-button-text\">Download<\/span>\n\t\t\t\t\t<\/span>\n\t\t\t\t\t<\/a>\n\t\t\t\t<\/div>\n\t\t\t\t\t\t\t\t<\/div>\n\t\t\t\t<\/div>\n\t\t<div class=\"elementor-element elementor-element-4f22768 e-con-full e-grid e-con e-child\" data-id=\"4f22768\" data-element_type=\"container\" data-e-type=\"container\">\n\t\t<div class=\"elementor-element elementor-element-3765616 e-con-full patev-card e-flex elementor-invisible e-con e-child\" data-id=\"3765616\" data-element_type=\"container\" data-e-type=\"container\" data-settings=\"{&quot;background_background&quot;:&quot;classic&quot;,&quot;animation&quot;:&quot;fadeInUp&quot;}\">\n\t\t\t\t<div class=\"elementor-element elementor-element-67f24cc elementor-widget elementor-widget-heading\" data-id=\"67f24cc\" data-element_type=\"widget\" data-e-type=\"widget\" data-widget_type=\"heading.default\">\n\t\t\t\t<div class=\"elementor-widget-container\">\n\t\t\t\t\t<h4 class=\"elementor-heading-title elementor-size-default\">Bankverbindung<\/h4>\t\t\t\t<\/div>\n\t\t\t\t<\/div>\n\t\t\t\t<div class=\"elementor-element elementor-element-3db5160 elementor-widget elementor-widget-text-editor\" data-id=\"3db5160\" data-element_type=\"widget\" data-e-type=\"widget\" data-widget_type=\"text-editor.default\">\n\t\t\t\t<div class=\"elementor-widget-container\">\n\t\t\t\t\t\t\t\t\t<p>Sparkasse Karlsruhe-Ettlingen<br \/>BLZ 66050101<br \/>Kto.Nr. 108050246<br \/>SWIFT BIC: KARSDE66<br \/>IBAN: DE36 6605 0101 0108 0502 46<\/p>\t\t\t\t\t\t\t\t<\/div>\n\t\t\t\t<\/div>\n\t\t\t\t<\/div>\n\t\t\t\t<\/div>\n\t\t\t\t\t<\/div>\n\t\t\t\t<\/div>\n\t\t\t\t<div class=\"elementor-element elementor-element-c37d7b8 elementor-widget elementor-widget-spacer\" data-id=\"c37d7b8\" data-element_type=\"widget\" data-e-type=\"widget\" data-widget_type=\"spacer.default\">\n\t\t\t\t<div class=\"elementor-widget-container\">\n\t\t\t\t\t\t\t<div class=\"elementor-spacer\">\n\t\t\t<div class=\"elementor-spacer-inner\"><\/div>\n\t\t<\/div>\n\t\t\t\t\t\t<\/div>\n\t\t\t\t<\/div>\n\t\t\t\t<\/div>\n\t\t\t\t<\/div>\n\t\t","protected":false},"excerpt":{"rendered":"<p>Impressum Allgemeine Gesch\u00e4ftsbedingungen Hier k\u00f6nnen Sie unsere Allgemeinen Gesch\u00e4ftsbedingungen einsehen. Download Bankverbindung Sparkasse Karlsruhe-EttlingenBLZ 66050101Kto.Nr. 108050246SWIFT BIC: KARSDE66IBAN: DE36 6605 0101 0108 0502 46<\/p>\n","protected":false},"author":1,"featured_media":0,"parent":0,"menu_order":0,"comment_status":"closed","ping_status":"closed","template":"elementor_header_footer","meta":{"_acf_changed":false,"footnotes":""},"class_list":["post-1245","page","type-page","status-publish","hentry"],"acf":[],"yoast_head":"<!-- This site is optimized with the Yoast SEO plugin v27.0 - https:\/\/yoast.com\/product\/yoast-seo-wordpress\/ -->\n<title>Impressum - PATEV<\/title>\n<meta name=\"robots\" content=\"index, follow, max-snippet:-1, max-image-preview:large, max-video-preview:-1\" \/>\n<link rel=\"canonical\" href=\"https:\/\/www.patev.de\/de\/impressum\/\" \/>\n<meta property=\"og:locale\" content=\"de_DE\" \/>\n<meta property=\"og:type\" content=\"article\" \/>\n<meta property=\"og:title\" content=\"Impressum - PATEV\" \/>\n<meta property=\"og:description\" content=\"Impressum Allgemeine Gesch\u00e4ftsbedingungen Hier k\u00f6nnen Sie unsere Allgemeinen Gesch\u00e4ftsbedingungen einsehen. Download Bankverbindung Sparkasse Karlsruhe-EttlingenBLZ 66050101Kto.Nr. 108050246SWIFT BIC: KARSDE66IBAN: DE36 6605 0101 0108 0502 46\" \/>\n<meta property=\"og:url\" content=\"https:\/\/www.patev.de\/de\/impressum\/\" \/>\n<meta property=\"og:site_name\" content=\"PATEV\" \/>\n<meta property=\"article:modified_time\" content=\"2025-09-22T04:02:47+00:00\" \/>\n<meta name=\"twitter:card\" content=\"summary_large_image\" \/>\n<meta name=\"twitter:label1\" content=\"Gesch\u00e4tzte Lesezeit\" \/>\n\t<meta name=\"twitter:data1\" content=\"1\u00a0Minute\" \/>\n<script type=\"application\/ld+json\" class=\"yoast-schema-graph\">{\"@context\":\"https:\/\/schema.org\",\"@graph\":[{\"@type\":\"WebPage\",\"@id\":\"https:\/\/www.patev.de\/de\/impressum\/\",\"url\":\"https:\/\/www.patev.de\/de\/impressum\/\",\"name\":\"Impressum - PATEV\",\"isPartOf\":{\"@id\":\"https:\/\/www.patev.de\/de\/#website\"},\"datePublished\":\"2025-09-02T17:13:25+00:00\",\"dateModified\":\"2025-09-22T04:02:47+00:00\",\"breadcrumb\":{\"@id\":\"https:\/\/www.patev.de\/de\/impressum\/#breadcrumb\"},\"inLanguage\":\"de\",\"potentialAction\":[{\"@type\":\"ReadAction\",\"target\":[\"https:\/\/www.patev.de\/de\/impressum\/\"]}]},{\"@type\":\"BreadcrumbList\",\"@id\":\"https:\/\/www.patev.de\/de\/impressum\/#breadcrumb\",\"itemListElement\":[{\"@type\":\"ListItem\",\"position\":1,\"name\":\"Home\",\"item\":\"https:\/\/www.patev.de\/de\/\"},{\"@type\":\"ListItem\",\"position\":2,\"name\":\"Impressum\"}]},{\"@type\":\"WebSite\",\"@id\":\"https:\/\/www.patev.de\/de\/#website\",\"url\":\"https:\/\/www.patev.de\/de\/\",\"name\":\"PATEV\",\"description\":\"Adding Value To IP\",\"publisher\":{\"@id\":\"https:\/\/www.patev.de\/de\/#organization\"},\"potentialAction\":[{\"@type\":\"SearchAction\",\"target\":{\"@type\":\"EntryPoint\",\"urlTemplate\":\"https:\/\/www.patev.de\/de\/?s={search_term_string}\"},\"query-input\":{\"@type\":\"PropertyValueSpecification\",\"valueRequired\":true,\"valueName\":\"search_term_string\"}}],\"inLanguage\":\"de\"},{\"@type\":\"Organization\",\"@id\":\"https:\/\/www.patev.de\/de\/#organization\",\"name\":\"PATEV GmbH\",\"url\":\"https:\/\/www.patev.de\/de\/\",\"logo\":{\"@type\":\"ImageObject\",\"inLanguage\":\"de\",\"@id\":\"https:\/\/www.patev.de\/de\/#\/schema\/logo\/image\/\",\"url\":\"https:\/\/www.patev.de\/wp-content\/uploads\/patev_adding_value_to_ip.webp\",\"contentUrl\":\"https:\/\/www.patev.de\/wp-content\/uploads\/patev_adding_value_to_ip.webp\",\"width\":239,\"height\":76,\"caption\":\"PATEV GmbH\"},\"image\":{\"@id\":\"https:\/\/www.patev.de\/de\/#\/schema\/logo\/image\/\"},\"sameAs\":[\"https:\/\/de.linkedin.com\/company\/patev-associates-gmbh\"]}]}<\/script>\n<!-- \/ Yoast SEO plugin. -->","yoast_head_json":{"title":"Impressum - PATEV","robots":{"index":"index","follow":"follow","max-snippet":"max-snippet:-1","max-image-preview":"max-image-preview:large","max-video-preview":"max-video-preview:-1"},"canonical":"https:\/\/www.patev.de\/de\/impressum\/","og_locale":"de_DE","og_type":"article","og_title":"Impressum - PATEV","og_description":"Impressum Allgemeine Gesch\u00e4ftsbedingungen Hier k\u00f6nnen Sie unsere Allgemeinen Gesch\u00e4ftsbedingungen einsehen. Download Bankverbindung Sparkasse Karlsruhe-EttlingenBLZ 66050101Kto.Nr. 108050246SWIFT BIC: KARSDE66IBAN: DE36 6605 0101 0108 0502 46","og_url":"https:\/\/www.patev.de\/de\/impressum\/","og_site_name":"PATEV","article_modified_time":"2025-09-22T04:02:47+00:00","twitter_card":"summary_large_image","twitter_misc":{"Gesch\u00e4tzte Lesezeit":"1\u00a0Minute"},"schema":{"@context":"https:\/\/schema.org","@graph":[{"@type":"WebPage","@id":"https:\/\/www.patev.de\/de\/impressum\/","url":"https:\/\/www.patev.de\/de\/impressum\/","name":"Impressum - PATEV","isPartOf":{"@id":"https:\/\/www.patev.de\/de\/#website"},"datePublished":"2025-09-02T17:13:25+00:00","dateModified":"2025-09-22T04:02:47+00:00","breadcrumb":{"@id":"https:\/\/www.patev.de\/de\/impressum\/#breadcrumb"},"inLanguage":"de","potentialAction":[{"@type":"ReadAction","target":["https:\/\/www.patev.de\/de\/impressum\/"]}]},{"@type":"BreadcrumbList","@id":"https:\/\/www.patev.de\/de\/impressum\/#breadcrumb","itemListElement":[{"@type":"ListItem","position":1,"name":"Home","item":"https:\/\/www.patev.de\/de\/"},{"@type":"ListItem","position":2,"name":"Impressum"}]},{"@type":"WebSite","@id":"https:\/\/www.patev.de\/de\/#website","url":"https:\/\/www.patev.de\/de\/","name":"PATEV","description":"Adding Value To IP","publisher":{"@id":"https:\/\/www.patev.de\/de\/#organization"},"potentialAction":[{"@type":"SearchAction","target":{"@type":"EntryPoint","urlTemplate":"https:\/\/www.patev.de\/de\/?s={search_term_string}"},"query-input":{"@type":"PropertyValueSpecification","valueRequired":true,"valueName":"search_term_string"}}],"inLanguage":"de"},{"@type":"Organization","@id":"https:\/\/www.patev.de\/de\/#organization","name":"PATEV GmbH","url":"https:\/\/www.patev.de\/de\/","logo":{"@type":"ImageObject","inLanguage":"de","@id":"https:\/\/www.patev.de\/de\/#\/schema\/logo\/image\/","url":"https:\/\/www.patev.de\/wp-content\/uploads\/patev_adding_value_to_ip.webp","contentUrl":"https:\/\/www.patev.de\/wp-content\/uploads\/patev_adding_value_to_ip.webp","width":239,"height":76,"caption":"PATEV GmbH"},"image":{"@id":"https:\/\/www.patev.de\/de\/#\/schema\/logo\/image\/"},"sameAs":["https:\/\/de.linkedin.com\/company\/patev-associates-gmbh"]}]}},"_links":{"self":[{"href":"https:\/\/www.patev.de\/de\/wp-json\/wp\/v2\/pages\/1245","targetHints":{"allow":["GET"]}}],"collection":[{"href":"https:\/\/www.patev.de\/de\/wp-json\/wp\/v2\/pages"}],"about":[{"href":"https:\/\/www.patev.de\/de\/wp-json\/wp\/v2\/types\/page"}],"author":[{"embeddable":true,"href":"https:\/\/www.patev.de\/de\/wp-json\/wp\/v2\/users\/1"}],"replies":[{"embeddable":true,"href":"https:\/\/www.patev.de\/de\/wp-json\/wp\/v2\/comments?post=1245"}],"version-history":[{"count":10,"href":"https:\/\/www.patev.de\/de\/wp-json\/wp\/v2\/pages\/1245\/revisions"}],"predecessor-version":[{"id":1268,"href":"https:\/\/www.patev.de\/de\/wp-json\/wp\/v2\/pages\/1245\/revisions\/1268"}],"wp:attachment":[{"href":"https:\/\/www.patev.de\/de\/wp-json\/wp\/v2\/media?parent=1245"}],"curies":[{"name":"wp","href":"https:\/\/api.w.org\/{rel}","templated":true}]}}